{"id":52,"date":"2025-07-18T08:32:43","date_gmt":"2025-07-18T08:32:43","guid":{"rendered":"https:\/\/e2bet.la\/?page_id=52"},"modified":"2025-07-18T09:45:15","modified_gmt":"2025-07-18T09:45:15","slug":"e2bet-viet-nam","status":"publish","type":"page","link":"https:\/\/e2bet.la\/","title":{"rendered":"E2Bet Vi\u1ec7t Nam"},"content":{"rendered":"\t\t<div data-elementor-type=\"wp-page\" data-elementor-id=\"52\" class=\"elementor elementor-52\" data-elementor-post-type=\"page\">\n\t\t\t\t\t\t<section class=\"elementor-section elementor-top-section elementor-element elementor-element-296c7987 elementor-section-boxed elementor-section-height-default elementor-section-height-default\" data-id=\"296c7987\" data-element_type=\"section\" data-settings=\"{&quot;sticky&quot;:&quot;top&quot;,&quot;sticky_on&quot;:[&quot;desktop&quot;,&quot;tablet&quot;,&quot;mobile&quot;],&quot;sticky_offset&quot;:0,&quot;sticky_effects_offset&quot;:0,&quot;sticky_anchor_link_offset&quot;:0}\">\n\t\t\t\t\t\t<div class=\"elementor-container elementor-column-gap-no\">\n\t\t\t\t\t<div class=\"elementor-column elementor-col-100 elementor-top-column elementor-element elementor-element-7bef1ca0\" data-id=\"7bef1ca0\" data-element_type=\"column\">\n\t\t\t<div class=\"elementor-widget-wrap\">\n\t\t\t\t\t\t\t<\/div>\n\t\t<\/div>\n\t\t\t\t\t<\/div>\n\t\t<\/section>\n\t\t\t\t<section class=\"elementor-section elementor-top-section elementor-element elementor-element-ea43e58 elementor-section-boxed elementor-section-height-default elementor-section-height-default\" data-id=\"ea43e58\" data-element_type=\"section\">\n\t\t\t\t\t\t<div class=\"elementor-container elementor-column-gap-no\">\n\t\t\t\t\t<div class=\"elementor-column elementor-col-100 elementor-top-column elementor-element elementor-element-2fd86706\" data-id=\"2fd86706\" data-element_type=\"column\" data-settings=\"{&quot;background_background&quot;:&quot;classic&quot;}\">\n\t\t\t<div class=\"elementor-widget-wrap elementor-element-populated\">\n\t\t\t\t\t\t<div class=\"elementor-element elementor-element-10b01b0a elementor-widget elementor-widget-image\" data-id=\"10b01b0a\" data-element_type=\"widget\" data-widget_type=\"image.default\">\n\t\t\t\t\t\t\t\t\t\t\t\t\t\t\t<img fetchpriority=\"high\" decoding=\"async\" width=\"440\" height=\"247\" src=\"https:\/\/e2bet.la\/wp-content\/uploads\/2025\/07\/e2bet-main-logo-white.svg\" class=\"attachment-large size-large wp-image-10\" alt=\"\" \/>\t\t\t\t\t\t\t\t\t\t\t\t\t\t\t<\/div>\n\t\t\t\t<div class=\"elementor-element elementor-element-2edee2b6 elementor-widget elementor-widget-heading\" data-id=\"2edee2b6\" data-element_type=\"widget\" data-widget_type=\"heading.default\">\n\t\t\t\t\t<h1 class=\"elementor-heading-title elementor-size-default\">E2Bet Vi\u1ec7t Nam<\/h1>\t\t\t\t<\/div>\n\t\t\t\t<div class=\"elementor-element elementor-element-1c0c3173 elementor-widget elementor-widget-image\" data-id=\"1c0c3173\" data-element_type=\"widget\" data-widget_type=\"image.default\">\n\t\t\t\t\t\t\t\t\t\t\t\t\t\t\t<img decoding=\"async\" width=\"350\" height=\"89\" src=\"https:\/\/e2bet.la\/wp-content\/uploads\/2025\/07\/e2bet-flags.svg\" class=\"attachment-large size-large wp-image-11\" alt=\"\" \/>\t\t\t\t\t\t\t\t\t\t\t\t\t\t\t<\/div>\n\t\t\t\t<div class=\"elementor-element elementor-element-1d51254a elementor-align-center elementor-widget elementor-widget-button\" data-id=\"1d51254a\" data-element_type=\"widget\" data-widget_type=\"button.default\">\n\t\t\t\t\t\t\t\t\t\t<a class=\"elementor-button elementor-button-link elementor-size-sm\" href=\"http:\/\/www.e28idr3.com\/af\/2qgFOk70\/vnregister\" rel=\"noopener\">\n\t\t\t\t\t\t<span class=\"elementor-button-content-wrapper\">\n\t\t\t\t\t\t<span class=\"elementor-button-icon\">\n\t\t\t\t<svg aria-hidden=\"true\" class=\"e-font-icon-svg e-fas-arrow-circle-right\" viewBox=\"0 0 512 512\" xmlns=\"http:\/\/www.w3.org\/2000\/svg\"><path d=\"M256 8c137 0 248 111 248 248S393 504 256 504 8 393 8 256 119 8 256 8zm-28.9 143.6l75.5 72.4H120c-13.3 0-24 10.7-24 24v16c0 13.3 10.7 24 24 24h182.6l-75.5 72.4c-9.7 9.3-9.9 24.8-.4 34.3l11 10.9c9.4 9.4 24.6 9.4 33.9 0L404.3 273c9.4-9.4 9.4-24.6 0-33.9L271.6 106.3c-9.4-9.4-24.6-9.4-33.9 0l-11 10.9c-9.5 9.6-9.3 25.1.4 34.4z\"><\/path><\/svg>\t\t\t<\/span>\n\t\t\t\t\t\t\t\t\t<span class=\"elementor-button-text\">\u0110\u0103ng k\u00fd ngay<\/span>\n\t\t\t\t\t<\/span>\n\t\t\t\t\t<\/a>\n\t\t\t\t\t\t\t\t<\/div>\n\t\t\t\t<div class=\"elementor-element elementor-element-7a996623 elementor-widget elementor-widget-heading\" data-id=\"7a996623\" data-element_type=\"widget\" data-widget_type=\"heading.default\">\n\t\t\t\t\t<h2 class=\"elementor-heading-title elementor-size-default\">H\u00e3y ch\u01a1i c\u00f3 tr\u00e1ch nhi\u1ec7m. N\u1ec1n t\u1ea3ng n\u00e0y ch\u1ec9 ph\u00f9 h\u1ee3p v\u1edbi ng\u01b0\u1eddi t\u1eeb 18 tu\u1ed5i tr\u1edf l\u00ean.\nVui l\u00f2ng \u0111\u1ea3m b\u1ea3o b\u1ea1n \u0111ang s\u1eed d\u1ee5ng n\u1ed9i dung m\u1ed9t c\u00e1ch l\u00e0nh m\u1ea1nh v\u00e0 ph\u00f9 h\u1ee3p v\u1edbi \u0111\u1ed9 tu\u1ed5i.<\/h2>\t\t\t\t<\/div>\n\t\t\t\t<div class=\"elementor-element elementor-element-2eaa199 elementor-widget elementor-widget-heading\" data-id=\"2eaa199\" data-element_type=\"widget\" data-widget_type=\"heading.default\">\n\t\t\t\t\t<h2 class=\"elementor-heading-title elementor-size-default\">\u00a92025 - E2Bet | 18+<\/h2>\t\t\t\t<\/div>\n\t\t\t\t<div class=\"elementor-element elementor-element-463d1bde elementor-widget elementor-widget-spacer\" data-id=\"463d1bde\" data-element_type=\"widget\" data-widget_type=\"spacer.default\">\n\t\t\t\t\t\t\t<div class=\"elementor-spacer\">\n\t\t\t<div class=\"elementor-spacer-inner\"><\/div>\n\t\t<\/div>\n\t\t\t\t\t\t<\/div>\n\t\t\t\t\t<\/div>\n\t\t<\/div>\n\t\t\t\t\t<\/div>\n\t\t<\/section>\n\t\t\t\t<\/div>\n\t\t","protected":false},"excerpt":{"rendered":"<p>E2Bet Vi\u1ec7t Nam \u0110\u0103ng k\u00fd ngay H\u00e3y ch\u01a1i c\u00f3 tr\u00e1ch nhi\u1ec7m. N\u1ec1n t\u1ea3ng n\u00e0y ch\u1ec9 ph\u00f9 h\u1ee3p v\u1edbi ng\u01b0\u1eddi t\u1eeb 18 tu\u1ed5i tr\u1edf l\u00ean. Vui l\u00f2ng \u0111\u1ea3m b\u1ea3o b\u1ea1n \u0111ang s\u1eed d\u1ee5ng n\u1ed9i dung m\u1ed9t c\u00e1ch l\u00e0nh m\u1ea1nh v\u00e0 ph\u00f9 h\u1ee3p v\u1edbi \u0111\u1ed9 tu\u1ed5i. \u00a92025 &#8211; E2Bet | 18+<\/p>\n","protected":false},"author":1,"featured_media":0,"parent":0,"menu_order":0,"comment_status":"closed","ping_status":"closed","template":"elementor_canvas","meta":{"footnotes":""},"class_list":["post-52","page","type-page","status-publish","hentry"],"_links":{"self":[{"href":"https:\/\/e2bet.la\/index.php\/wp-json\/wp\/v2\/pages\/52","targetHints":{"allow":["GET"]}}],"collection":[{"href":"https:\/\/e2bet.la\/index.php\/wp-json\/wp\/v2\/pages"}],"about":[{"href":"https:\/\/e2bet.la\/index.php\/wp-json\/wp\/v2\/types\/page"}],"author":[{"embeddable":true,"href":"https:\/\/e2bet.la\/index.php\/wp-json\/wp\/v2\/users\/1"}],"replies":[{"embeddable":true,"href":"https:\/\/e2bet.la\/index.php\/wp-json\/wp\/v2\/comments?post=52"}],"version-history":[{"count":13,"href":"https:\/\/e2bet.la\/index.php\/wp-json\/wp\/v2\/pages\/52\/revisions"}],"predecessor-version":[{"id":73,"href":"https:\/\/e2bet.la\/index.php\/wp-json\/wp\/v2\/pages\/52\/revisions\/73"}],"wp:attachment":[{"href":"https:\/\/e2bet.la\/index.php\/wp-json\/wp\/v2\/media?parent=52"}],"curies":[{"name":"wp","href":"https:\/\/api.w.org\/{rel}","templated":true}]}}